{"id":369,"date":"2023-11-21T09:30:50","date_gmt":"2023-11-21T13:30:50","guid":{"rendered":"https:\/\/laboucheegenereuse.ca\/homepage"},"modified":"2025-07-30T09:51:49","modified_gmt":"2025-07-30T13:51:49","slug":"homepage","status":"publish","type":"page","link":"https:\/\/laboucheegenereuse.ca\/en","title":{"rendered":"Homepage"},"content":{"rendered":"","protected":false},"excerpt":{"rendered":"","protected":false},"author":1,"featured_media":0,"parent":0,"menu_order":0,"comment_status":"closed","ping_status":"open","template":"","meta":{"_acf_changed":false,"inline_featured_image":false,"footnotes":""},"class_list":["post-369","page","type-page","status-publish","hentry"],"acf":[],"yoast_head":"<!-- This site is optimized with the Yoast SEO plugin v22.3 - https:\/\/yoast.com\/wordpress\/plugins\/seo\/ -->\n<title>Homepage - La bouch\u00e9e g\u00e9n\u00e9reuse<\/title>\n<meta name=\"robots\" content=\"index, follow, max-snippet:-1, max-image-preview:large, max-video-preview:-1\" \/>\n<link rel=\"canonical\" href=\"https:\/\/laboucheegenereuse.ca\/en\" \/>\n<meta property=\"og:locale\" content=\"en_US\" \/>\n<meta property=\"og:type\" content=\"article\" \/>\n<meta property=\"og:title\" content=\"La Bouche G\u00e9n\u00e9reux\" \/>\n<meta property=\"og:description\" content=\"La Bouche G\u00e9n\u00e9reux is a food bank, thrift store and community grocery store located in the Limoilou district.\" \/>\n<meta property=\"og:url\" content=\"https:\/\/laboucheegenereuse.ca\/en\" \/>\n<meta property=\"og:site_name\" content=\"La bouch\u00e9e g\u00e9n\u00e9reuse\" \/>\n<meta property=\"article:modified_time\" content=\"2025-07-30T13:51:49+00:00\" \/>\n<meta property=\"og:image\" content=\"https:\/\/laboucheegenereuse.ca\/wp-content\/uploads\/2024\/02\/social.jpg\" \/>\n\t<meta property=\"og:image:width\" content=\"1200\" \/>\n\t<meta property=\"og:image:height\" content=\"630\" \/>\n\t<meta property=\"og:image:type\" content=\"image\/jpeg\" \/>\n<meta name=\"twitter:card\" content=\"summary_large_image\" \/>\n<meta name=\"twitter:title\" content=\"La Bouche G\u00e9n\u00e9reux\" \/>\n<meta name=\"twitter:description\" content=\"Food bank, thrift store and community grocery store located in the Limoilou district.\" \/>\n<meta name=\"twitter:image\" content=\"https:\/\/laboucheegenereuse.ca\/wp-content\/uploads\/2024\/02\/social.jpg\" \/>\n<script type=\"application\/ld+json\" class=\"yoast-schema-graph\">{\"@context\":\"https:\/\/schema.org\",\"@graph\":[{\"@type\":\"WebPage\",\"@id\":\"https:\/\/laboucheegenereuse.ca\/en\",\"url\":\"https:\/\/laboucheegenereuse.ca\/en\",\"name\":\"Homepage - La bouch\u00e9e g\u00e9n\u00e9reuse\",\"isPartOf\":{\"@id\":\"https:\/\/laboucheegenereuse.ca\/#website\"},\"datePublished\":\"2023-11-21T13:30:50+00:00\",\"dateModified\":\"2025-07-30T13:51:49+00:00\",\"breadcrumb\":{\"@id\":\"https:\/\/laboucheegenereuse.ca\/en#breadcrumb\"},\"inLanguage\":\"en-US\",\"potentialAction\":[{\"@type\":\"ReadAction\",\"target\":[\"https:\/\/laboucheegenereuse.ca\/en\"]}]},{\"@type\":\"BreadcrumbList\",\"@id\":\"https:\/\/laboucheegenereuse.ca\/en#breadcrumb\",\"itemListElement\":[{\"@type\":\"ListItem\",\"position\":1,\"name\":\"Home\",\"item\":\"https:\/\/laboucheegenereuse.ca\/en\"},{\"@type\":\"ListItem\",\"position\":2,\"name\":\"Homepage\"}]},{\"@type\":\"WebSite\",\"@id\":\"https:\/\/laboucheegenereuse.ca\/#website\",\"url\":\"https:\/\/laboucheegenereuse.ca\/\",\"name\":\"La bouch\u00e9e g\u00e9n\u00e9reuse\",\"description\":\"\",\"publisher\":{\"@id\":\"https:\/\/laboucheegenereuse.ca\/#organization\"},\"potentialAction\":[{\"@type\":\"SearchAction\",\"target\":{\"@type\":\"EntryPoint\",\"urlTemplate\":\"https:\/\/laboucheegenereuse.ca\/?s={search_term_string}\"},\"query-input\":\"required name=search_term_string\"}],\"inLanguage\":\"en-US\"},{\"@type\":\"Organization\",\"@id\":\"https:\/\/laboucheegenereuse.ca\/#organization\",\"name\":\"La bouch\u00e9e g\u00e9n\u00e9reuse\",\"url\":\"https:\/\/laboucheegenereuse.ca\/\",\"logo\":{\"@type\":\"ImageObject\",\"inLanguage\":\"en-US\",\"@id\":\"https:\/\/laboucheegenereuse.ca\/#\/schema\/logo\/image\/\",\"url\":\"https:\/\/laboucheegenereuse.ca\/wp-content\/uploads\/2024\/01\/logo2.svg\",\"contentUrl\":\"https:\/\/laboucheegenereuse.ca\/wp-content\/uploads\/2024\/01\/logo2.svg\",\"width\":214,\"height\":63,\"caption\":\"La bouch\u00e9e g\u00e9n\u00e9reuse\"},\"image\":{\"@id\":\"https:\/\/laboucheegenereuse.ca\/#\/schema\/logo\/image\/\"}}]}<\/script>\n<!-- \/ Yoast SEO plugin. -->","yoast_head_json":{"title":"Homepage - La bouch\u00e9e g\u00e9n\u00e9reuse","robots":{"index":"index","follow":"follow","max-snippet":"max-snippet:-1","max-image-preview":"max-image-preview:large","max-video-preview":"max-video-preview:-1"},"canonical":"https:\/\/laboucheegenereuse.ca\/en","og_locale":"en_US","og_type":"article","og_title":"La Bouche G\u00e9n\u00e9reux","og_description":"La Bouche G\u00e9n\u00e9reux is a food bank, thrift store and community grocery store located in the Limoilou district.","og_url":"https:\/\/laboucheegenereuse.ca\/en","og_site_name":"La bouch\u00e9e g\u00e9n\u00e9reuse","article_modified_time":"2025-07-30T13:51:49+00:00","og_image":[{"width":1200,"height":630,"url":"https:\/\/laboucheegenereuse.ca\/wp-content\/uploads\/2024\/02\/social.jpg","type":"image\/jpeg"}],"twitter_card":"summary_large_image","twitter_title":"La Bouche G\u00e9n\u00e9reux","twitter_description":"Food bank, thrift store and community grocery store located in the Limoilou district.","twitter_image":"https:\/\/laboucheegenereuse.ca\/wp-content\/uploads\/2024\/02\/social.jpg","schema":{"@context":"https:\/\/schema.org","@graph":[{"@type":"WebPage","@id":"https:\/\/laboucheegenereuse.ca\/en","url":"https:\/\/laboucheegenereuse.ca\/en","name":"Homepage - La bouch\u00e9e g\u00e9n\u00e9reuse","isPartOf":{"@id":"https:\/\/laboucheegenereuse.ca\/#website"},"datePublished":"2023-11-21T13:30:50+00:00","dateModified":"2025-07-30T13:51:49+00:00","breadcrumb":{"@id":"https:\/\/laboucheegenereuse.ca\/en#breadcrumb"},"inLanguage":"en-US","potentialAction":[{"@type":"ReadAction","target":["https:\/\/laboucheegenereuse.ca\/en"]}]},{"@type":"BreadcrumbList","@id":"https:\/\/laboucheegenereuse.ca\/en#breadcrumb","itemListElement":[{"@type":"ListItem","position":1,"name":"Home","item":"https:\/\/laboucheegenereuse.ca\/en"},{"@type":"ListItem","position":2,"name":"Homepage"}]},{"@type":"WebSite","@id":"https:\/\/laboucheegenereuse.ca\/#website","url":"https:\/\/laboucheegenereuse.ca\/","name":"La bouch\u00e9e g\u00e9n\u00e9reuse","description":"","publisher":{"@id":"https:\/\/laboucheegenereuse.ca\/#organization"},"potentialAction":[{"@type":"SearchAction","target":{"@type":"EntryPoint","urlTemplate":"https:\/\/laboucheegenereuse.ca\/?s={search_term_string}"},"query-input":"required name=search_term_string"}],"inLanguage":"en-US"},{"@type":"Organization","@id":"https:\/\/laboucheegenereuse.ca\/#organization","name":"La bouch\u00e9e g\u00e9n\u00e9reuse","url":"https:\/\/laboucheegenereuse.ca\/","logo":{"@type":"ImageObject","inLanguage":"en-US","@id":"https:\/\/laboucheegenereuse.ca\/#\/schema\/logo\/image\/","url":"https:\/\/laboucheegenereuse.ca\/wp-content\/uploads\/2024\/01\/logo2.svg","contentUrl":"https:\/\/laboucheegenereuse.ca\/wp-content\/uploads\/2024\/01\/logo2.svg","width":214,"height":63,"caption":"La bouch\u00e9e g\u00e9n\u00e9reuse"},"image":{"@id":"https:\/\/laboucheegenereuse.ca\/#\/schema\/logo\/image\/"}}]}},"_links":{"self":[{"href":"https:\/\/laboucheegenereuse.ca\/en\/wp-json\/wp\/v2\/pages\/369","targetHints":{"allow":["GET"]}}],"collection":[{"href":"https:\/\/laboucheegenereuse.ca\/en\/wp-json\/wp\/v2\/pages"}],"about":[{"href":"https:\/\/laboucheegenereuse.ca\/en\/wp-json\/wp\/v2\/types\/page"}],"author":[{"embeddable":true,"href":"https:\/\/laboucheegenereuse.ca\/en\/wp-json\/wp\/v2\/users\/1"}],"replies":[{"embeddable":true,"href":"https:\/\/laboucheegenereuse.ca\/en\/wp-json\/wp\/v2\/comments?post=369"}],"version-history":[{"count":21,"href":"https:\/\/laboucheegenereuse.ca\/en\/wp-json\/wp\/v2\/pages\/369\/revisions"}],"predecessor-version":[{"id":1023,"href":"https:\/\/laboucheegenereuse.ca\/en\/wp-json\/wp\/v2\/pages\/369\/revisions\/1023"}],"wp:attachment":[{"href":"https:\/\/laboucheegenereuse.ca\/en\/wp-json\/wp\/v2\/media?parent=369"}],"curies":[{"name":"wp","href":"https:\/\/api.w.org\/{rel}","templated":true}]}}